{"id":2,"date":"2026-04-25T07:49:12","date_gmt":"2026-04-25T07:49:12","guid":{"rendered":"http:\/\/marbad.de\/blog\/?page_id=2"},"modified":"2026-05-02T01:34:15","modified_gmt":"2026-05-01T23:34:15","slug":"sample-page","status":"publish","type":"page","link":"https:\/\/marbad.de\/blog\/","title":{"rendered":"MarBad Blog"},"content":{"rendered":"\n<p>Hier findest du die <strong>Kategorien <\/strong>inkl der Anzahl der jeweiligen Beitr\u00e4ge -einfach anklicken &amp; loslesen!<\/p>\n\n\n<ul class=\"wp-block-categories-list wp-elements-21af8da4ad7d3eb5ddf15d05fb2ca476 wp-block-categories has-text-color has-white-color has-background has-vivid-cyan-blue-background-color\">\t<li class=\"cat-item cat-item-6\"><a href=\"https:\/\/marbad.de\/blog\/category\/dusch-wc\/\">Dusch-WC<\/a> (1)\n<\/li>\n\t<li class=\"cat-item cat-item-4\"><a href=\"https:\/\/marbad.de\/blog\/category\/japanische-toiletten\/\">Japanische Toiletten<\/a> (3)\n<\/li>\n<\/ul>\n\n\n<p>Wilkommen auf unserem Blog! Hier schreiben wir \u00fcber alles was mit unseren Produkten im Shop unter <a href=\"https:\/\/marbad.de\" data-type=\"link\" data-id=\"https:\/\/marbad.de\">marbad.de<\/a> zutun hat.<\/p>\n\n\n\n<p>Also Toiletten, Bidets &amp; vieles mehr! \ud83d\ude42<\/p>\n\n\n\n<h2 class=\"wp-block-heading\">Hier die neusten Beitr\u00e4ge von uns, viel Spa\u00df beim Lesen!<\/h2>\n\n\n\n<p><\/p>\n\n\n\n<p><\/p>\n\n\n<ul class=\"wp-block-latest-posts__list has-dates wp-block-latest-posts\"><li><div class=\"wp-block-latest-posts__featured-image\"><img loading=\"lazy\" decoding=\"async\" width=\"640\" height=\"360\" src=\"https:\/\/marbad.de\/blog\/wp-content\/uploads\/2026\/05\/dusch-wc-fragen-1024x576.png\" class=\"attachment-large size-large wp-post-image\" alt=\"\" style=\"\" srcset=\"https:\/\/marbad.de\/blog\/wp-content\/uploads\/2026\/05\/dusch-wc-fragen-1024x576.png 1024w, https:\/\/marbad.de\/blog\/wp-content\/uploads\/2026\/05\/dusch-wc-fragen-300x169.png 300w, https:\/\/marbad.de\/blog\/wp-content\/uploads\/2026\/05\/dusch-wc-fragen-768x432.png 768w, https:\/\/marbad.de\/blog\/wp-content\/uploads\/2026\/05\/dusch-wc-fragen-1536x864.png 1536w, https:\/\/marbad.de\/blog\/wp-content\/uploads\/2026\/05\/dusch-wc-fragen.png 1672w\" sizes=\"auto, (max-width: 640px) 100vw, 640px\" \/><\/div><a class=\"wp-block-latest-posts__post-title\" href=\"https:\/\/marbad.de\/blog\/dusch-wc\/dusch-wc-hygiene-revolution-oder-unnoetiger-luxus\/\">Dusch-WC: Hygiene-Revolution oder unn\u00f6tiger Luxus?<\/a><time datetime=\"2026-05-02T01:31:11+02:00\" class=\"wp-block-latest-posts__post-date\">2. Mai 2026<\/time><div class=\"wp-block-latest-posts__post-excerpt\">In vielen Teilen der Welt, besonders in Japan, geh\u00f6rt es zum Standard, doch in europ\u00e4ischen Badezimmern sorgt das Dusch-WC oft noch f\u00fcr Gespr\u00e4chsstoff. Dabei geht es um weit mehr als nur ein technisches Gadget \u2013 es geht um eine grundlegende Ver\u00e4nderung unserer t\u00e4glichen Pflegeroutine. Wie sinnvoll ist ein Dusch-WC? Die Sinnhaftigkeit l\u00e4sst sich vor allem<div class=\"more-link\">\r\n             <a href=\"https:\/\/marbad.de\/blog\/dusch-wc\/dusch-wc-hygiene-revolution-oder-unnoetiger-luxus\/\" class=\"link-btn\"><span>Weiterlesen <\/span><i class=\"icofont-thin-double-right\"><\/i><\/a>\r\n        <\/div><\/div><\/li>\n<li><div class=\"wp-block-latest-posts__featured-image\"><img loading=\"lazy\" decoding=\"async\" width=\"640\" height=\"360\" src=\"https:\/\/marbad.de\/blog\/wp-content\/uploads\/2026\/05\/japanische-toiletten-info-post-2-1024x576.png\" class=\"attachment-large size-large wp-post-image\" alt=\"\" style=\"\" srcset=\"https:\/\/marbad.de\/blog\/wp-content\/uploads\/2026\/05\/japanische-toiletten-info-post-2-1024x576.png 1024w, https:\/\/marbad.de\/blog\/wp-content\/uploads\/2026\/05\/japanische-toiletten-info-post-2-300x169.png 300w, https:\/\/marbad.de\/blog\/wp-content\/uploads\/2026\/05\/japanische-toiletten-info-post-2-768x432.png 768w, https:\/\/marbad.de\/blog\/wp-content\/uploads\/2026\/05\/japanische-toiletten-info-post-2-1536x864.png 1536w, https:\/\/marbad.de\/blog\/wp-content\/uploads\/2026\/05\/japanische-toiletten-info-post-2.png 1672w\" sizes=\"auto, (max-width: 640px) 100vw, 640px\" \/><\/div><a class=\"wp-block-latest-posts__post-title\" href=\"https:\/\/marbad.de\/blog\/japanische-toiletten\/japanische-toiletten-teil-2-das-bedienfeld-entziffert-was-bedeuten-die-symbole\/\">Japanische Toiletten Teil 2: Das Bedienfeld entziffert \u2013 Was bedeuten die Symbole?<\/a><time datetime=\"2026-05-02T00:49:32+02:00\" class=\"wp-block-latest-posts__post-date\">2. Mai 2026<\/time><div class=\"wp-block-latest-posts__post-excerpt\">Wer zum ersten Mal vor einer japanischen Toilette steht, f\u00fchlt sich oft wie im Cockpit eines Flugzeugs. Die Steuerung befindet sich entweder an einer Armlehne oder als Panel an der Wand. Die wichtigsten Tasten Pro-Tipp: Die Wasserdruck-Tasten (+ und -) sollten Sie immer erst auf der niedrigsten Stufe testen!<\/div><\/li>\n<li><div class=\"wp-block-latest-posts__featured-image\"><img loading=\"lazy\" decoding=\"async\" width=\"640\" height=\"360\" src=\"https:\/\/marbad.de\/blog\/wp-content\/uploads\/2026\/04\/japanische-toiletten-post-1024x576.png\" class=\"attachment-large size-large wp-post-image\" alt=\"\" style=\"\" srcset=\"https:\/\/marbad.de\/blog\/wp-content\/uploads\/2026\/04\/japanische-toiletten-post-1024x576.png 1024w, https:\/\/marbad.de\/blog\/wp-content\/uploads\/2026\/04\/japanische-toiletten-post-300x169.png 300w, https:\/\/marbad.de\/blog\/wp-content\/uploads\/2026\/04\/japanische-toiletten-post-768x432.png 768w, https:\/\/marbad.de\/blog\/wp-content\/uploads\/2026\/04\/japanische-toiletten-post-1536x864.png 1536w, https:\/\/marbad.de\/blog\/wp-content\/uploads\/2026\/04\/japanische-toiletten-post.png 1672w\" sizes=\"auto, (max-width: 640px) 100vw, 640px\" \/><\/div><a class=\"wp-block-latest-posts__post-title\" href=\"https:\/\/marbad.de\/blog\/japanische-toiletten\/japansiche-toiletten-teil-1-mehr-als-nur-eine-schuessel\/\">Japansiche Toiletten Teil 1: Mehr als nur eine Sch\u00fcssel?<\/a><time datetime=\"2026-04-02T00:36:51+02:00\" class=\"wp-block-latest-posts__post-date\">2. April 2026<\/time><div class=\"wp-block-latest-posts__post-excerpt\">Japanische Toiletten sind weltweit als Wunderwerke der Technik bekannt. Aber was steckt wirklich dahinter? Im Kern handelt es sich um eine Kombination aus herk\u00f6mmlicher Toilette und Bidet. Die Kernfunktionen All das k\u00f6nne unsere Smart-Toiletten mit Bidet auch! Gerne mal im Shop vorbei schauen! Warum der Hype? Der Hauptvorteil ist die Hautschonung. W\u00e4hrend trockenes Toilettenpapier die<div class=\"more-link\">\r\n             <a href=\"https:\/\/marbad.de\/blog\/japanische-toiletten\/japansiche-toiletten-teil-1-mehr-als-nur-eine-schuessel\/\" class=\"link-btn\"><span>Weiterlesen <\/span><i class=\"icofont-thin-double-right\"><\/i><\/a>\r\n        <\/div><\/div><\/li>\n<\/ul>","protected":false},"excerpt":{"rendered":"<p>Hier findest du die Kategorien inkl der Anzahl der jeweiligen Beitr\u00e4ge -einfach anklicken &amp; loslesen! Wilkommen auf unserem Blog! Hier schreiben wir \u00fcber alles was mit unseren Produkten im Shop unter marbad.de zutun hat. Also Toiletten, Bidets &amp; vieles mehr! \ud83d\ude42 Hier die neusten Beitr\u00e4ge von uns, viel Spa\u00df beim Lesen!<\/p>\n","protected":false},"author":1,"featured_media":0,"parent":0,"menu_order":0,"comment_status":"open","ping_status":"open","template":"","meta":{"footnotes":""},"class_list":["post-2","page","type-page","status-publish","hentry"],"_links":{"self":[{"href":"https:\/\/marbad.de\/blog\/wp-json\/wp\/v2\/pages\/2","targetHints":{"allow":["GET"]}}],"collection":[{"href":"https:\/\/marbad.de\/blog\/wp-json\/wp\/v2\/pages"}],"about":[{"href":"https:\/\/marbad.de\/blog\/wp-json\/wp\/v2\/types\/page"}],"author":[{"embeddable":true,"href":"https:\/\/marbad.de\/blog\/wp-json\/wp\/v2\/users\/1"}],"replies":[{"embeddable":true,"href":"https:\/\/marbad.de\/blog\/wp-json\/wp\/v2\/comments?post=2"}],"version-history":[{"count":10,"href":"https:\/\/marbad.de\/blog\/wp-json\/wp\/v2\/pages\/2\/revisions"}],"predecessor-version":[{"id":93,"href":"https:\/\/marbad.de\/blog\/wp-json\/wp\/v2\/pages\/2\/revisions\/93"}],"wp:attachment":[{"href":"https:\/\/marbad.de\/blog\/wp-json\/wp\/v2\/media?parent=2"}],"curies":[{"name":"wp","href":"https:\/\/api.w.org\/{rel}","templated":true}]}}